{"id":1090,"date":"2024-11-08T09:37:57","date_gmt":"2024-11-08T08:37:57","guid":{"rendered":"https:\/\/www.camping-levaldherault.com\/location-mobil-home\/"},"modified":"2026-02-18T11:33:48","modified_gmt":"2026-02-18T10:33:48","slug":"location-mobil-home","status":"publish","type":"page","link":"https:\/\/www.camping-levaldherault.com\/en\/location-mobil-home\/","title":{"rendered":"Rentals"},"content":{"rendered":"<div class=\"diaporama-header align-full\"><div class=\"gallery\"><figure class=\"gallery__item\"><picture><source srcset=\"https:\/\/www.camping-levaldherault.com\/wp-content\/uploads\/2024\/12\/OTTAWA-2019-BD-chambre-grand-lit-NSH-420x420.jpg.webp\" media=\"(max-width: 210px)\"><source srcset=\"https:\/\/www.camping-levaldherault.com\/wp-content\/uploads\/2024\/12\/OTTAWA-2019-BD-chambre-grand-lit-NSH-420x420.jpg.webp\" media=\"(max-width: 420px)\"><source srcset=\"https:\/\/www.camping-levaldherault.com\/wp-content\/uploads\/2024\/12\/OTTAWA-2019-BD-chambre-grand-lit-NSH-768x512.jpg.webp\" media=\"(max-width: 850px)\"><source srcset=\"https:\/\/www.camping-levaldherault.com\/wp-content\/uploads\/2024\/12\/OTTAWA-2019-BD-chambre-grand-lit-NSH-1024x682.jpg.webp\" media=\"(max-width: 1024px)\"><source srcset=\"https:\/\/www.camping-levaldherault.com\/wp-content\/uploads\/2024\/12\/OTTAWA-2019-BD-chambre-grand-lit-NSH.jpg.webp\" media=\"(min-width: 1025px)\"><img loading=\"lazy\" decoding=\"async\" src=\"https:\/\/www.camping-levaldherault.com\/wp-content\/uploads\/2024\/12\/OTTAWA-2019-BD-chambre-grand-lit-NSH-420x420.jpg.webp\" width=\"420\" height=\"210\" alt=\"\" title=\"\"><\/picture><\/figure><\/div><div class=\"diaporama-header__inner\"><\/div><\/div><h1 class=\"fade-up\" style=\"text-align: center;\">Vacation rentals in C\u00e9vennes h\u00e9raultaises<\/h1><p  style=\"text-align: center;\" id=\"73\" >In the heart of the C\u00e9vennes, between limestone plateaus, waterfalls and valleys, our <a href=\"https:\/\/www.camping-levaldherault.com\/en\/\" data-type=\"page\" data-id=\"73\">4-star campsite in the H\u00e9rault<\/a> invites you to enjoy a peaceful change of scenery for your C\u00e9vennes vacations.  <\/p><div class=\"columns sec-00 margin-top  reverse-mob\" style=\"align-items:center;\"><div class=\"columns__item fade-up\" style=\"align-self:center;\"><p   id=\"326\" >Sit back and relax in one of our campsite rentals in Brissac, near <a href=\"https:\/\/www.camping-levaldherault.com\/en\/alentours\/ganges\/\" data-type=\"alentours\" data-id=\"326\">Ganges<\/a> and <a href=\"https:\/\/www.camping-levaldherault.com\/en\/alentours\/saint-guilhem-le-desert\/\" data-type=\"alentours\" data-id=\"299\">Saint-Guilhem-le-D\u00e9sert<\/a>, in a relaxing wooded setting by the river.<\/p><p   id=\"327\" >Our accommodations include mobile homes and spacious, pleasant chalets in the magnificent <a href=\"https:\/\/www.camping-levaldherault.com\/en\/alentours\/activites-dans-les-cevennes\/\" data-type=\"alentours\" data-id=\"327\">C\u00e9vennes region<\/a>. Lovely walks and outdoor activities are just minutes away from your rental.<\/p><div class=\"lireplus fc-desk\"><p    >Read more<\/p><div class=\"group\"><p   id=\"291\" >You&#8217;ll have all the time in the world to enjoy it, while the whole Le Val d&#8217;H\u00e9rault campsite team works hard to offer you top-quality <a href=\"https:\/\/www.camping-levaldherault.com\/en\/loisirs\/\" data-type=\"page\" data-id=\"291\">entertainment and leisure facilities<\/a>.<\/p><p   id=\"292\" >Take advantage of our <a href=\"https:\/\/www.camping-levaldherault.com\/en\/piscine-herault\/\" data-type=\"page\" data-id=\"292\">C\u00e9vennes campsite with swimming pool<\/a> and private beach to cool off, and finish off with a tanning session on the terrace of your mobile home!<\/p><p    >At Val d&#8217;H\u00e9rault, a 4-star campsite in the C\u00e9vennes, treat yourself to a natural, friendly vacation in this region full of character.<\/p><\/div><\/div><div class=\"buttons\"><span class=\"buttons__btn buttons_btn btn-resa-loc is-style-1\"><span class=\"fc-icon\"><svg xmlns=\"http:\/\/www.w3.org\/2000\/svg\"  viewBox=\"0 0 448 512\" width=\"16px\" height=\"16px\"><!--! Font Awesome Pro 6.4.2 by @fontawesome - https:\/\/fontawesome.com License - https:\/\/fontawesome.com\/license (Commercial License) Copyright 2023 Fonticons, Inc.--><path d=\"M443.3 267.3c6.2-6.2 6.2-16.4 0-22.6l-176-176c-6.2-6.2-16.4-6.2-22.6 0s-6.2 16.4 0 22.6L393.4 240 16 240c-8.8 0-16 7.2-16 16s7.2 16 16 16l377.4 0L244.7 420.7c-6.2 6.2-6.2 16.4 0 22.6s16.4 6.2 22.6 0l176-176z\"\/><\/svg><\/span>  Book my stay<\/span><\/div><\/div><div class=\"columns__item parallax-up\" style=\"align-self:center;\"><div class=\"gallery\"><figure class=\"gallery__item\"><picture><source srcset=\"https:\/\/www.camping-levaldherault.com\/wp-content\/uploads\/2024\/12\/00001058901-420x420.jpg.webp\" media=\"(max-width: 210px)\"><source srcset=\"https:\/\/www.camping-levaldherault.com\/wp-content\/uploads\/2024\/12\/00001058901-420x420.jpg.webp\" media=\"(max-width: 420px)\"><source srcset=\"https:\/\/www.camping-levaldherault.com\/wp-content\/uploads\/2024\/12\/00001058901-768x576.jpg.webp\" media=\"(max-width: 850px)\"><source srcset=\"https:\/\/www.camping-levaldherault.com\/wp-content\/uploads\/2024\/12\/00001058901-1024x768.jpg.webp\" media=\"(max-width: 1024px)\"><source srcset=\"https:\/\/www.camping-levaldherault.com\/wp-content\/uploads\/2024\/12\/00001058901-scaled.jpg.webp\" media=\"(min-width: 1025px)\"><img decoding=\"async\" src=\"https:\/\/www.camping-levaldherault.com\/wp-content\/uploads\/2024\/12\/00001058901-420x420.jpg.webp\" width=\"420\" height=\"210\" loading=\"lazy\" alt=\"\" title=\"\"><\/picture><\/figure><\/div><\/div><\/div><div class=\"columns sec-10  has-fond-background-color has-background align-full\" style=\"background-color:var(--fond);\"><div class=\"columns__item reverse-mob\"><div class=\"group fade-up\"><h2 class=\"h3\"><strong><strong>Our mobile home rentals in the C\u00e9vennes<\/strong><\/strong><\/h2><p    >Our 4-star campsite in the C\u00e9vennes offers a range of accommodation options to welcome you throughout the season.  <\/p><p    >From April to October, you can rent our mobile homes and chalets on shady, wooded plots for up to 6 people.<\/p><div class=\"lireplus fc-desk\"><p    >Read more<\/p><div class=\"group\"><p    >We&#8217;ve designed a range of 23 air-conditioned accommodations for you, with different levels of comfort and different spaces.<\/p><p    >With the river nearby and a swimming pool, your vacation at Val d&#8217;H\u00e9rault campsite in the C\u00e9vennes promises to be peaceful and refreshing. Our small-scale structure, with a few activities and full services for everyday life, guarantees you the simple pleasures of camping and a team that&#8217;s always ready to take care of you. <\/p><p   id=\"288\" >Depending on your wishes, budget and needs, enjoy the comfort of a fully-equipped chalet or mobile home in the C\u00e9vennes. It&#8217;s the ideal formula for those who love the authenticity of camping, while still enjoying a certain level of luxury. For even more authenticity, discover our <a href=\"https:\/\/www.camping-levaldherault.com\/en\/emplacements-camping-herault\/\" data-type=\"page\" data-id=\"288\">campsites in H\u00e9rault<\/a>, close to the river.<\/p><\/div><\/div><div class=\"buttons\"><span class=\"buttons__btn buttons_btn btn-resa-loc is-style-1\"><span class=\"fc-icon\"><svg xmlns=\"http:\/\/www.w3.org\/2000\/svg\"  viewBox=\"0 0 448 512\" width=\"16px\" height=\"16px\"><!--! Font Awesome Pro 6.4.2 by @fontawesome - https:\/\/fontawesome.com License - https:\/\/fontawesome.com\/license (Commercial License) Copyright 2023 Fonticons, Inc.--><path d=\"M443.3 267.3c6.2-6.2 6.2-16.4 0-22.6l-176-176c-6.2-6.2-16.4-6.2-22.6 0s-6.2 16.4 0 22.6L393.4 240 16 240c-8.8 0-16 7.2-16 16s7.2 16 16 16l377.4 0L244.7 420.7c-6.2 6.2-6.2 16.4 0 22.6s16.4 6.2 22.6 0l176-176z\"\/><\/svg><\/span>  Book my stay<\/span><\/div><\/div><div class=\"gallery fade-up f-carousel fc-diapo\" data-fancybox=\"gallery\"><figure class=\"gallery__item\"><picture><source srcset=\"https:\/\/www.camping-levaldherault.com\/wp-content\/uploads\/2024\/12\/00001058870-420x420.jpg.webp\" media=\"(max-width: 210px)\"><source srcset=\"https:\/\/www.camping-levaldherault.com\/wp-content\/uploads\/2024\/12\/00001058870-420x420.jpg.webp\" media=\"(max-width: 420px)\"><source srcset=\"https:\/\/www.camping-levaldherault.com\/wp-content\/uploads\/2024\/12\/00001058870-768x1024.jpg.webp\" media=\"(max-width: 850px)\"><source srcset=\"https:\/\/www.camping-levaldherault.com\/wp-content\/uploads\/2024\/12\/00001058870-768x1024.jpg.webp\" media=\"(max-width: 1024px)\"><source srcset=\"https:\/\/www.camping-levaldherault.com\/wp-content\/uploads\/2024\/12\/00001058870-scaled.jpg.webp\" media=\"(min-width: 1025px)\"><img decoding=\"async\" src=\"https:\/\/www.camping-levaldherault.com\/wp-content\/uploads\/2024\/12\/00001058870-420x420.jpg.webp\" width=\"420\" height=\"210\" loading=\"lazy\" alt=\"\" title=\"\"><\/picture><\/figure><\/div><\/div><div class=\"columns__item\"><div class=\"gallery fade-down f-carousel fc-diapo\" data-fancybox=\"gallery\"><figure class=\"gallery__item\"><picture><source srcset=\"https:\/\/www.camping-levaldherault.com\/wp-content\/uploads\/2024\/12\/00001058764-420x420.jpg.webp\" media=\"(max-width: 210px)\"><source srcset=\"https:\/\/www.camping-levaldherault.com\/wp-content\/uploads\/2024\/12\/00001058764-420x420.jpg.webp\" media=\"(max-width: 420px)\"><source srcset=\"https:\/\/www.camping-levaldherault.com\/wp-content\/uploads\/2024\/12\/00001058764-768x1024.jpg.webp\" media=\"(max-width: 850px)\"><source srcset=\"https:\/\/www.camping-levaldherault.com\/wp-content\/uploads\/2024\/12\/00001058764-768x1024.jpg.webp\" media=\"(max-width: 1024px)\"><source srcset=\"https:\/\/www.camping-levaldherault.com\/wp-content\/uploads\/2024\/12\/00001058764-scaled.jpg.webp\" media=\"(min-width: 1025px)\"><img decoding=\"async\" src=\"https:\/\/www.camping-levaldherault.com\/wp-content\/uploads\/2024\/12\/00001058764-420x420.jpg.webp\" width=\"420\" height=\"210\" loading=\"lazy\" alt=\"\" title=\"\"><\/picture><\/figure><\/div><div class=\"group\"><h2 class=\"h3\"><strong><strong>Enjoy the comfort of our mobile homes in the southern C\u00e9vennes in the H\u00e9rault department<\/strong><\/strong><\/h2><p    >Our mobile homes in the C\u00e9vennes are designed to make you feel at home in a peaceful, family-friendly environment.<\/p><p    >Accommodations range in size from 18 m\u00b2 to 40 m\u00b2, and sleep from 2 to 6 people.<\/p><p    >You&#8217;ll find a private terrace and everything you need to feel good.<\/p><div class=\"lireplus fc-desk\"><p    >Read more<\/p><div class=\"group\"><p    >It&#8217;s up to you to choose the range that suits you best for your next vacation in the H\u00e9rault part of the C\u00e9vennes, south of the Loz\u00e8re and west of the Gard.<\/p><\/div><\/div><\/div><\/div><\/div><div class=\"columns sec-00 margin-top  reverse-mob\" style=\"align-items:center;\"><div class=\"columns__item fade-up\" style=\"align-self:center;\"><h3>Practical information about your campsite rental <span class=\"fc-span\">near Saint Guilhem le d\u00e9sert<\/span><\/h3><p    >Located in the C\u00e9vennes, our mobile homes for 2\/4 people for 4\/6 people for 1 or 2 people.<\/p><p    >The toilet is separate from the bathroom. If you have any special requests, such as additional crockery, please let reception know.   <\/p><div class=\"lireplus fc-desk\"><p    >Read more<\/p><div class=\"group\"><p    ><\/p><p    >Sheets are not provided, but comforters and pillows are included in the rental price. We can rent baby equipment (chairs, cots, etc.) by the day or week. <\/p><p    >Deposits are required for rental and cleaning.<\/p><p    >Don&#8217;t wait until the last day! If you encounter any problems during your stay, please notify reception. In case of emergency, a telephone number is available at reception.  <\/p><\/div><\/div><\/div><div class=\"columns__item parallax-up\" style=\"align-self:center;\"><div class=\"gallery\"><figure class=\"gallery__item\"><picture><source srcset=\"https:\/\/www.camping-levaldherault.com\/wp-content\/uploads\/2024\/12\/00000890461-420x420.jpg.webp\" media=\"(max-width: 210px)\"><source srcset=\"https:\/\/www.camping-levaldherault.com\/wp-content\/uploads\/2024\/12\/00000890461-420x420.jpg.webp\" media=\"(max-width: 420px)\"><source srcset=\"https:\/\/www.camping-levaldherault.com\/wp-content\/uploads\/2024\/12\/00000890461-768x576.jpg.webp\" media=\"(max-width: 850px)\"><source srcset=\"https:\/\/www.camping-levaldherault.com\/wp-content\/uploads\/2024\/12\/00000890461-1024x768.jpg.webp\" media=\"(max-width: 1024px)\"><source srcset=\"https:\/\/www.camping-levaldherault.com\/wp-content\/uploads\/2024\/12\/00000890461.jpg.webp\" media=\"(min-width: 1025px)\"><img decoding=\"async\" src=\"https:\/\/www.camping-levaldherault.com\/wp-content\/uploads\/2024\/12\/00000890461-420x420.jpg.webp\" width=\"420\" height=\"210\" loading=\"lazy\" alt=\"\" title=\"\"><\/picture><\/figure><\/div><\/div><\/div>","protected":false},"excerpt":{"rendered":"<p>Vacation rentals in C\u00e9vennes h\u00e9raultaises In the heart of the C\u00e9vennes, between limestone plateaus, waterfalls and valleys, our 4-star campsite in the H\u00e9rault invites you to enjoy a peaceful change of scenery for your C\u00e9vennes vacations. Sit back and relax in one of our campsite rentals in Brissac, near Ganges and Saint-Guilhem-le-D\u00e9sert, in a relaxing [&hellip;]<\/p>\n","protected":false},"author":1,"featured_media":0,"parent":0,"menu_order":0,"comment_status":"open","ping_status":"open","template":"","meta":{"_acf_changed":false,"footnotes":""},"acf":[],"_links":{"self":[{"href":"https:\/\/www.camping-levaldherault.com\/en\/wp-json\/wp\/v2\/pages\/1090"}],"collection":[{"href":"https:\/\/www.camping-levaldherault.com\/en\/wp-json\/wp\/v2\/pages"}],"about":[{"href":"https:\/\/www.camping-levaldherault.com\/en\/wp-json\/wp\/v2\/types\/page"}],"author":[{"embeddable":true,"href":"https:\/\/www.camping-levaldherault.com\/en\/wp-json\/wp\/v2\/users\/1"}],"replies":[{"embeddable":true,"href":"https:\/\/www.camping-levaldherault.com\/en\/wp-json\/wp\/v2\/comments?post=1090"}],"version-history":[{"count":6,"href":"https:\/\/www.camping-levaldherault.com\/en\/wp-json\/wp\/v2\/pages\/1090\/revisions"}],"predecessor-version":[{"id":1424,"href":"https:\/\/www.camping-levaldherault.com\/en\/wp-json\/wp\/v2\/pages\/1090\/revisions\/1424"}],"wp:attachment":[{"href":"https:\/\/www.camping-levaldherault.com\/en\/wp-json\/wp\/v2\/media?parent=1090"}],"curies":[{"name":"wp","href":"https:\/\/api.w.org\/{rel}","templated":true}]}}