{"id":1099,"date":"2024-11-08T09:37:57","date_gmt":"2024-11-08T08:37:57","guid":{"rendered":"https:\/\/www.camping-levaldherault.com\/emplacements-camping-herault\/"},"modified":"2026-01-21T18:51:35","modified_gmt":"2026-01-21T17:51:35","slug":"emplacements-camping-herault","status":"publish","type":"page","link":"https:\/\/www.camping-levaldherault.com\/en\/emplacements-camping-herault\/","title":{"rendered":"Pitches"},"content":{"rendered":"<div class=\"diaporama-header align-full\"><div class=\"gallery\"><figure class=\"gallery__item\"><picture><source srcset=\"https:\/\/www.camping-levaldherault.com\/wp-content\/uploads\/2024\/11\/20160629_180531-420x420.jpg.webp\" media=\"(max-width: 210px)\"><source srcset=\"https:\/\/www.camping-levaldherault.com\/wp-content\/uploads\/2024\/11\/20160629_180531-420x420.jpg.webp\" media=\"(max-width: 420px)\"><source srcset=\"https:\/\/www.camping-levaldherault.com\/wp-content\/uploads\/2024\/11\/20160629_180531-768x576.jpg.webp\" media=\"(max-width: 850px)\"><source srcset=\"https:\/\/www.camping-levaldherault.com\/wp-content\/uploads\/2024\/11\/20160629_180531-1024x768.jpg.webp\" media=\"(max-width: 1024px)\"><source srcset=\"https:\/\/www.camping-levaldherault.com\/wp-content\/uploads\/2024\/11\/20160629_180531-scaled.jpg.webp\" media=\"(min-width: 1025px)\"><img loading=\"lazy\" decoding=\"async\" src=\"https:\/\/www.camping-levaldherault.com\/wp-content\/uploads\/2024\/11\/20160629_180531-420x420.jpg.webp\" width=\"420\" height=\"210\" alt=\"\u00f8;\" title=\"\"><\/picture><\/figure><\/div><div class=\"diaporama-header__inner\"><\/div><\/div><h1 class=\"fade-up\" style=\"text-align: center;\">Our campsites in H\u00e9rault<\/h1><p  style=\"text-align: center;\"  >Set up your tent, caravan or camper van in a sumptuous setting in the southern C\u00e9vennes at Val d&#8217;H\u00e9rault!<\/p><p  style=\"text-align: center;\"  >You&#8217;ll be staying in a pure, friendly setting, with only the forest, the river and the typical Languedoc charm of the village of Brissac and its medieval bridge as neighbors. A true nature destination, welcome to the H\u00e9rault hinterland, close to the famous H\u00e9rault gorges! <\/p><div class=\"columns sec-00 margin-top  reverse-mob\" style=\"align-items:center;\"><div class=\"columns__item fade-up\" style=\"align-self:center;\"><h2>Campsites <span class=\"fc-span\">on the banks of the river H\u00e9rault<\/span><\/h2><p    >It&#8217;s a great pleasure for us to be able to offer you a riverside establishment in the heart of the H\u00e9rault region, surrounded by nature, where peace and quiet reign supreme!<\/p><p    >We offer sunny, semi-shaded or shady camping pitches, sheltered by centuries-old oak trees.<\/p><p    ><\/p><div class=\"lireplus fc-desk\"><p    >Read more<\/p><div class=\"group\"><p    >Whether you&#8217;re in a tent, caravan or camper van, we&#8217;ll reserve a special pitch for you.<\/p><p   id=\"290\" >If you&#8217;re looking for more comfort, take a look at<a href=\"https:\/\/www.camping-levaldherault.com\/en\/location-mobil-home\/\" data-type=\"page\" data-id=\"290\"> our chalets and mobile homes in the southern C\u00e9vennes<\/a>.<\/p><\/div><\/div><div class=\"buttons\"><span class=\"buttons__btn buttons_btn btn-resa-empl is-style-1\"><span class=\"fc-icon\"><svg xmlns=\"http:\/\/www.w3.org\/2000\/svg\"  viewBox=\"0 0 448 512\" width=\"16px\" height=\"16px\"><!--! Font Awesome Pro 6.4.2 by @fontawesome - https:\/\/fontawesome.com License - https:\/\/fontawesome.com\/license (Commercial License) Copyright 2023 Fonticons, Inc.--><path d=\"M443.3 267.3c6.2-6.2 6.2-16.4 0-22.6l-176-176c-6.2-6.2-16.4-6.2-22.6 0s-6.2 16.4 0 22.6L393.4 240 16 240c-8.8 0-16 7.2-16 16s7.2 16 16 16l377.4 0L244.7 420.7c-6.2 6.2-6.2 16.4 0 22.6s16.4 6.2 22.6 0l176-176z\"\/><\/svg><\/span>  Book my stay<\/span><\/div><\/div><div class=\"columns__item parallax-up\" style=\"align-self:center;\"><div class=\"gallery\"><figure class=\"gallery__item\"><picture><source srcset=\"https:\/\/www.camping-levaldherault.com\/wp-content\/uploads\/2026\/01\/photo-site-315x420.jpg.webp\" media=\"(max-width: 210px)\"><source srcset=\"https:\/\/www.camping-levaldherault.com\/wp-content\/uploads\/2026\/01\/photo-site-315x420.jpg.webp\" media=\"(max-width: 420px)\"><source srcset=\"https:\/\/www.camping-levaldherault.com\/wp-content\/uploads\/2026\/01\/photo-site-768x1024.jpg.webp\" media=\"(max-width: 850px)\"><source srcset=\"https:\/\/www.camping-levaldherault.com\/wp-content\/uploads\/2026\/01\/photo-site-768x1024.jpg.webp\" media=\"(max-width: 1024px)\"><source srcset=\"https:\/\/www.camping-levaldherault.com\/wp-content\/uploads\/2026\/01\/photo-site.jpg.webp\" media=\"(min-width: 1025px)\"><img decoding=\"async\" src=\"https:\/\/www.camping-levaldherault.com\/wp-content\/uploads\/2026\/01\/photo-site-315x420.jpg.webp\" width=\"420\" height=\"210\" loading=\"lazy\" alt=\"\" title=\"\"><\/picture><\/figure><\/div><\/div><\/div><div class=\"columns sec-10  has-fond-background-color has-background align-full\" style=\"background-color:var(--fond);\"><div class=\"columns__item reverse-mob\"><div class=\"group\"><h2><strong>Equipment for tents and motor homes <span class=\"fc-span\">in the southern C\u00e9vennes <\/span> <\/strong><\/h2><p    >To accompany your stay in the C\u00e9vennes, Le Val d&#8217;H\u00e9rault campsite in Brissac (34) offers a wide range of facilities.<\/p><p    >From April to September, you can spend a night or more on one of our many pitches for tents and motorhomes in the H\u00e9rault.<\/p><p    >For optimum comfort, discover our <strong>Grand Confort pitches<\/strong>, equipped with <strong>private sanitary facilities and kitchen<\/strong>, for privacy and relaxation in the heart of nature.<\/p><\/div><div class=\"gallery f-carousel fc-diapo\" data-fancybox=\"gallery\"><figure class=\"gallery__item fade-up\"><picture><source srcset=\"https:\/\/www.camping-levaldherault.com\/wp-content\/uploads\/2024\/11\/DSC00101-420x420.jpg.webp\" media=\"(max-width: 210px)\"><source srcset=\"https:\/\/www.camping-levaldherault.com\/wp-content\/uploads\/2024\/11\/DSC00101-420x420.jpg.webp\" media=\"(max-width: 420px)\"><source srcset=\"https:\/\/www.camping-levaldherault.com\/wp-content\/uploads\/2024\/11\/DSC00101-768x1024.jpg.webp\" media=\"(max-width: 850px)\"><source srcset=\"https:\/\/www.camping-levaldherault.com\/wp-content\/uploads\/2024\/11\/DSC00101-768x1024.jpg.webp\" media=\"(max-width: 1024px)\"><source srcset=\"https:\/\/www.camping-levaldherault.com\/wp-content\/uploads\/2024\/11\/DSC00101-scaled.jpg.webp\" media=\"(min-width: 1025px)\"><img decoding=\"async\" src=\"https:\/\/www.camping-levaldherault.com\/wp-content\/uploads\/2024\/11\/DSC00101-420x420.jpg.webp\" width=\"420\" height=\"210\" loading=\"lazy\" alt=\"\" title=\"\"><\/picture><\/figure><\/div><\/div><div class=\"columns__item\"><div class=\"gallery fade-down f-carousel fc-diapo\" data-fancybox=\"gallery\"><figure class=\"gallery__item\"><picture><source srcset=\"https:\/\/www.camping-levaldherault.com\/wp-content\/uploads\/2026\/01\/grand-confort-redimensionnee-1-336x420.jpg.webp\" media=\"(max-width: 210px)\"><source srcset=\"https:\/\/www.camping-levaldherault.com\/wp-content\/uploads\/2026\/01\/grand-confort-redimensionnee-1-336x420.jpg.webp\" media=\"(max-width: 420px)\"><source srcset=\"https:\/\/www.camping-levaldherault.com\/wp-content\/uploads\/2026\/01\/grand-confort-redimensionnee-1-768x960.jpg.webp\" media=\"(max-width: 850px)\"><source srcset=\"https:\/\/www.camping-levaldherault.com\/wp-content\/uploads\/2026\/01\/grand-confort-redimensionnee-1-819x1024.jpg.webp\" media=\"(max-width: 1024px)\"><source srcset=\"https:\/\/www.camping-levaldherault.com\/wp-content\/uploads\/2026\/01\/grand-confort-redimensionnee-1-scaled.jpg.webp\" media=\"(min-width: 1025px)\"><img decoding=\"async\" src=\"https:\/\/www.camping-levaldherault.com\/wp-content\/uploads\/2026\/01\/grand-confort-redimensionnee-1-336x420.jpg.webp\" width=\"420\" height=\"210\" loading=\"lazy\" alt=\"\" title=\"\"><\/picture><\/figure><\/div><div class=\"group\"><p  style=\"text-align: left;\"  >Find out what&#8217;s included in your camping package:  <\/p><p  style=\"text-align: left;\"  >A sanitary block located in the central part of the campsite, with hot water, nursery and baby bath included. Laundry bins are also available.<\/p><p  style=\"text-align: left;\"  >Fridge hire available, subject to availability. Please book as soon as possible. <\/p><p  style=\"text-align: left;\"  >Sanitary cabin adapted for PRM.<\/p><p  style=\"text-align: left;\"  >Water and electricity points accessible to all. The blocks are not located on every pitch, so don&#8217;t forget your extension cord and adapter if you need them. <\/p><p  style=\"text-align: left;\"  >Charcoal barbecues prohibited. Plancha rental available. <\/p><p  style=\"text-align: left;\"  >Vehicles are not allowed on the river beach, except for PRMs.<\/p><p  style=\"text-align: left;\"  >We wish you a pleasant stay in the heart of the C\u00e9vennes.<\/p><\/div><\/div><\/div><div class=\"columns sec-00 margin-top  reverse-mob\" style=\"align-items:center;\"><div class=\"columns__item fade-up\" style=\"align-self:center;\"><h3 class=\"h2\">Find out more <span class=\"fc-span\">about our campsites<\/span><\/h3><p    >For safety reasons, we cannot accept more than 6 people and 3 tents per pitch. We strongly encourage our customers to respect nature by keeping it free of litter and cigarette butts. Please also respect your neighbors!  <\/p><div class=\"lireplus fc-desk\"><p    >Read more<\/p><div class=\"group\"><p   id=\"289\" >Previews of the locations are available in <a href=\"https:\/\/www.camping-levaldherault.com\/en\/galerie-photos-2\/\" data-type=\"page\" data-id=\"289\">the gallery<\/a>. Don&#8217;t hesitate to contact us for more information! We&#8217;ll be happy to advise you on the best way to meet your requirements.<\/p><p    >We would like to inform you that, following a number of incidents, we no longer accept groups of young people unaccompanied by their parents. In addition, as a result of irresponsible behavior, the management has decided to remove the campsite&#8217;s only flame barbecue. We apologize for the inconvenience and thank you for your understanding.  <\/p><\/div><\/div><\/div><div class=\"columns__item parallax-up\" style=\"align-self:center;\"><div class=\"gallery\"><figure class=\"gallery__item\"><picture><source srcset=\"https:\/\/www.camping-levaldherault.com\/wp-content\/uploads\/2024\/11\/emplacement-2-1-420x420.jpg.webp\" media=\"(max-width: 210px)\"><source srcset=\"https:\/\/www.camping-levaldherault.com\/wp-content\/uploads\/2024\/11\/emplacement-2-1-420x420.jpg.webp\" media=\"(max-width: 420px)\"><source srcset=\"https:\/\/www.camping-levaldherault.com\/wp-content\/uploads\/2024\/11\/emplacement-2-1.jpg.webp\" media=\"(max-width: 850px)\"><source srcset=\"https:\/\/www.camping-levaldherault.com\/wp-content\/uploads\/2024\/11\/emplacement-2-1.jpg.webp\" media=\"(max-width: 1024px)\"><source srcset=\"https:\/\/www.camping-levaldherault.com\/wp-content\/uploads\/2024\/11\/emplacement-2-1.jpg.webp\" media=\"(min-width: 1025px)\"><img decoding=\"async\" src=\"https:\/\/www.camping-levaldherault.com\/wp-content\/uploads\/2024\/11\/emplacement-2-1-420x420.jpg.webp\" width=\"420\" height=\"210\" loading=\"lazy\" alt=\"\" title=\"\"><\/picture><\/figure><\/div><\/div><\/div>","protected":false},"excerpt":{"rendered":"<p>Our campsites in H\u00e9rault Set up your tent, caravan or camper van in a sumptuous setting in the southern C\u00e9vennes at Val d&#8217;H\u00e9rault! You&#8217;ll be staying in a pure, friendly setting, with only the forest, the river and the typical Languedoc charm of the village of Brissac and its medieval bridge as neighbors. A true [&hellip;]<\/p>\n","protected":false},"author":1,"featured_media":0,"parent":0,"menu_order":0,"comment_status":"closed","ping_status":"closed","template":"","meta":{"_acf_changed":false,"footnotes":""},"acf":[],"_links":{"self":[{"href":"https:\/\/www.camping-levaldherault.com\/en\/wp-json\/wp\/v2\/pages\/1099"}],"collection":[{"href":"https:\/\/www.camping-levaldherault.com\/en\/wp-json\/wp\/v2\/pages"}],"about":[{"href":"https:\/\/www.camping-levaldherault.com\/en\/wp-json\/wp\/v2\/types\/page"}],"author":[{"embeddable":true,"href":"https:\/\/www.camping-levaldherault.com\/en\/wp-json\/wp\/v2\/users\/1"}],"replies":[{"embeddable":true,"href":"https:\/\/www.camping-levaldherault.com\/en\/wp-json\/wp\/v2\/comments?post=1099"}],"version-history":[{"count":7,"href":"https:\/\/www.camping-levaldherault.com\/en\/wp-json\/wp\/v2\/pages\/1099\/revisions"}],"predecessor-version":[{"id":1422,"href":"https:\/\/www.camping-levaldherault.com\/en\/wp-json\/wp\/v2\/pages\/1099\/revisions\/1422"}],"wp:attachment":[{"href":"https:\/\/www.camping-levaldherault.com\/en\/wp-json\/wp\/v2\/media?parent=1099"}],"curies":[{"name":"wp","href":"https:\/\/api.w.org\/{rel}","templated":true}]}}