{"id":1110,"date":"2024-07-15T12:36:18","date_gmt":"2024-07-15T10:36:18","guid":{"rendered":"https:\/\/www.camping-levaldherault.com\/accueil\/"},"modified":"2026-01-21T18:23:25","modified_gmt":"2026-01-21T17:23:25","slug":"accueil","status":"publish","type":"page","link":"https:\/\/www.camping-levaldherault.com\/en\/","title":{"rendered":"Home"},"content":{"rendered":"<div class=\"diaporama-header align-full\"><div class=\"gallery\"><figure class=\"gallery__item\"><picture><source srcset=\"https:\/\/www.camping-levaldherault.com\/wp-content\/uploads\/2024\/12\/N1-420x420.webp\" media=\"(max-width: 210px)\"><source srcset=\"https:\/\/www.camping-levaldherault.com\/wp-content\/uploads\/2024\/12\/N1-420x420.webp\" media=\"(max-width: 420px)\"><source srcset=\"https:\/\/www.camping-levaldherault.com\/wp-content\/uploads\/2024\/12\/N1-768x432.webp\" media=\"(max-width: 850px)\"><source srcset=\"https:\/\/www.camping-levaldherault.com\/wp-content\/uploads\/2024\/12\/N1-1024x576.webp\" media=\"(max-width: 1024px)\"><source srcset=\"https:\/\/www.camping-levaldherault.com\/wp-content\/uploads\/2024\/12\/N1.webp\" media=\"(min-width: 1025px)\"><img loading=\"lazy\" decoding=\"async\" src=\"https:\/\/www.camping-levaldherault.com\/wp-content\/uploads\/2024\/12\/N1-420x420.webp\" width=\"420\" height=\"210\" alt=\"\" title=\"\"><\/picture><\/figure><\/div><div class=\"diaporama-header__inner\"><\/div><\/div><h1 class=\"fade-up\" style=\"text-align: center;\">Welcome to Camping Le Val d&#8217;H\u00e9rault <span class=\"fc-span\">at the gateway to the C\u00e9vennes!<\/span><\/h1><p  style=\"text-align: center;\"  ><strong>Your campsite in the C\u00e9vennes on the banks of the H\u00e9rault river<\/strong><\/p><p  style=\"text-align: center;\"  >The Baudoin family, the new Val d&#8217;H\u00e9rault team, is delighted to welcome you to an authentic, unspoilt natural setting. This riverside family campsite boasts a pleasant swimming pool in the Gorges de l&#8217;H\u00e9rault Grands Sites de France, at the gateway to the C\u00e9vennes. <\/p><p  style=\"text-align: center;\"  ><em><strong>Opening hours: 9:00am-12:00pm and 2:30pm-<\/strong><\/em><strong><em>18h00<\/em><\/strong><\/p><div class=\"columns sec-15 reverse-mob\" style=\"align-items:center;\"><div class=\"columns__item fade-up\" style=\"align-self:center;\"><h2>A campsite in the heart of nature <span class=\"fc-span\">where calm and serenity reign<\/span><\/h2><p    >Le Val D&#8217;H\u00e9rault, in Brissac 34, lies between sea and mountains, not far from the Causses, in the Languedoc hinterland. The village of Brissac, overlooked by its <sup>11th-century<\/sup> castle, is 5km from the campsite, and has a grocery store, restaurant and bakery where you can do your shopping with complete peace of mind. <\/p><p    >The nearest town, Ganges, offers a full range of shops, as well as one of the region&#8217;s biggest markets on Friday mornings.<\/p><p    ><strong>For everyone&#8217;s comfort, we prefer quiet after 11pm.<\/strong><\/p><div class=\"lireplus fc-desk\"><p    >Read more<\/p><div class=\"group\"><p    >Our riverside campsite in the C\u00e9vennes is ideally located for discovering the wonders of the region and for sightseeing in the H\u00e9rault! We&#8217;re just 20km from Saint-Guilhem-Le-D\u00e9sert (UNESCO World Heritage Site), 40km from Montpellier, the bamboo grove at Anduze and the Cirque de Navacelles, and 50km from Mont Aigoual. Between the Gard and the H\u00e9rault, let yourself be charmed by the C\u00e9vennes villages of character and the breathtaking natural sites of Occitanie.  <\/p><p    >We are committed to protecting the environment. We implement concrete actions to reduce our ecological impact: sorting and recycling waste, saving water and energy, and preserving biodiversity on our site. <\/p><p    >Staying with us means enjoying nature while respecting it, and contributing to more responsible tourism.<\/p><\/div><\/div><div class=\"buttons\"><span class=\"buttons__btn btn-resa\"><span class=\"fc-icon\"><svg xmlns=\"http:\/\/www.w3.org\/2000\/svg\"  viewBox=\"0 0 448 512\" width=\"16px\" height=\"16px\"><!--! Font Awesome Pro 6.4.2 by @fontawesome - https:\/\/fontawesome.com License - https:\/\/fontawesome.com\/license (Commercial License) Copyright 2023 Fonticons, Inc.--><path d=\"M112 0c8.8 0 16 7.2 16 16V64H320V16c0-8.8 7.2-16 16-16s16 7.2 16 16V64h32c35.3 0 64 28.7 64 64v32 32V448c0 35.3-28.7 64-64 64H64c-35.3 0-64-28.7-64-64V192 160 128C0 92.7 28.7 64 64 64H96V16c0-8.8 7.2-16 16-16zM416 192H32V448c0 17.7 14.3 32 32 32H384c17.7 0 32-14.3 32-32V192zM384 96H64c-17.7 0-32 14.3-32 32v32H416V128c0-17.7-14.3-32-32-32z\"\/><\/svg><\/span>  Book<\/span><\/div><\/div><div class=\"columns__item parallax-down\" style=\"align-self:center;\"><div class=\"gallery f-carousel fc-diapo-mob\" data-fancybox=\"gallery-mob\"><figure class=\"gallery__item fancybox\"><picture><source srcset=\"https:\/\/www.camping-levaldherault.com\/wp-content\/uploads\/2024\/11\/ESPACE-AQUATIQUE-plage-privee-riviere1-1-420x420.jpg.webp\" media=\"(max-width: 210px)\"><source srcset=\"https:\/\/www.camping-levaldherault.com\/wp-content\/uploads\/2024\/11\/ESPACE-AQUATIQUE-plage-privee-riviere1-1-420x420.jpg.webp\" media=\"(max-width: 420px)\"><source srcset=\"https:\/\/www.camping-levaldherault.com\/wp-content\/uploads\/2024\/11\/ESPACE-AQUATIQUE-plage-privee-riviere1-1-768x576.jpg.webp\" media=\"(max-width: 850px)\"><source srcset=\"https:\/\/www.camping-levaldherault.com\/wp-content\/uploads\/2024\/11\/ESPACE-AQUATIQUE-plage-privee-riviere1-1-1024x768.jpg.webp\" media=\"(max-width: 1024px)\"><source srcset=\"https:\/\/www.camping-levaldherault.com\/wp-content\/uploads\/2024\/11\/ESPACE-AQUATIQUE-plage-privee-riviere1-1.jpg.webp\" media=\"(min-width: 1025px)\"><img decoding=\"async\" src=\"https:\/\/www.camping-levaldherault.com\/wp-content\/uploads\/2024\/11\/ESPACE-AQUATIQUE-plage-privee-riviere1-1-420x420.jpg.webp\" width=\"420\" height=\"210\" loading=\"lazy\" alt=\"\" title=\"\"><\/picture><\/figure><figure class=\"gallery__item\"><picture><source srcset=\"https:\/\/www.camping-levaldherault.com\/wp-content\/uploads\/2024\/11\/photo-drone-camping-1-420x420.jpg.webp\" media=\"(max-width: 210px)\"><source srcset=\"https:\/\/www.camping-levaldherault.com\/wp-content\/uploads\/2024\/11\/photo-drone-camping-1-420x420.jpg.webp\" media=\"(max-width: 420px)\"><source srcset=\"https:\/\/www.camping-levaldherault.com\/wp-content\/uploads\/2024\/11\/photo-drone-camping-1-768x576.jpg.webp\" media=\"(max-width: 850px)\"><source srcset=\"https:\/\/www.camping-levaldherault.com\/wp-content\/uploads\/2024\/11\/photo-drone-camping-1.jpg.webp\" media=\"(max-width: 1024px)\"><source srcset=\"https:\/\/www.camping-levaldherault.com\/wp-content\/uploads\/2024\/11\/photo-drone-camping-1.jpg.webp\" media=\"(min-width: 1025px)\"><img decoding=\"async\" src=\"https:\/\/www.camping-levaldherault.com\/wp-content\/uploads\/2024\/11\/photo-drone-camping-1-420x420.jpg.webp\" width=\"420\" height=\"210\" loading=\"lazy\" alt=\"\" title=\"\"><\/picture><\/figure><\/div><\/div><\/div><div class=\"columns sec-05\" style=\"align-items:center;\"><div class=\"columns__item parallax-down\" style=\"align-self:center;\"><div class=\"gallery col-4\"><figure class=\"gallery__item\"><picture><source srcset=\"https:\/\/www.camping-levaldherault.com\/wp-content\/uploads\/2024\/12\/NOUMEA-SMART-VIEW-2019-BD-terrasse-ESPELETTE-420x420.jpg.webp\" media=\"(max-width: 210px)\"><source srcset=\"https:\/\/www.camping-levaldherault.com\/wp-content\/uploads\/2024\/12\/NOUMEA-SMART-VIEW-2019-BD-terrasse-ESPELETTE-420x420.jpg.webp\" media=\"(max-width: 420px)\"><source srcset=\"https:\/\/www.camping-levaldherault.com\/wp-content\/uploads\/2024\/12\/NOUMEA-SMART-VIEW-2019-BD-terrasse-ESPELETTE-768x512.jpg.webp\" media=\"(max-width: 850px)\"><source srcset=\"https:\/\/www.camping-levaldherault.com\/wp-content\/uploads\/2024\/12\/NOUMEA-SMART-VIEW-2019-BD-terrasse-ESPELETTE-1024x683.jpg.webp\" media=\"(max-width: 1024px)\"><source srcset=\"https:\/\/www.camping-levaldherault.com\/wp-content\/uploads\/2024\/12\/NOUMEA-SMART-VIEW-2019-BD-terrasse-ESPELETTE.jpg.webp\" media=\"(min-width: 1025px)\"><img decoding=\"async\" src=\"https:\/\/www.camping-levaldherault.com\/wp-content\/uploads\/2024\/12\/NOUMEA-SMART-VIEW-2019-BD-terrasse-ESPELETTE-420x420.jpg.webp\" width=\"420\" height=\"210\" loading=\"lazy\" alt=\"\" title=\"\"><\/picture><\/figure><\/div><\/div><div class=\"columns__item has-fond-background-color has-background\" style=\"align-self:center;background-color:var(--fond);\"><p class=\"h4\"   >Our 4-star camping vacation rentals in the C\u00e9vennes<\/p><h2>Comfortable accommodation<\/h2><p    >Choose between our traditional pitches and our comfortable rentals for your camping vacation in the C\u00e9vennes!<\/p><p   id=\"https:\/\/www.camping-levaldherault.com\/emplacements-camping-herault\/\" >We offer <a href=\"https:\/\/www.camping-levaldherault.com\/en\/emplacements-camping-herault\/\" data-type=\"link\" data-id=\"https:\/\/www.camping-levaldherault.com\/emplacements-camping-herault\/\">camping pitches in Brissac (34)<\/a> where you can pitch your tent, set up your caravan or motorhome and enjoy a relaxing vacation by our swimming pool or on the banks of the H\u00e9rault, on our private beach.<\/p><div class=\"lireplus fc-desk\"><p    >Read more<\/p><div class=\"group\"><p   id=\"https:\/\/www.camping-levaldherault.com\/location-mobil-home\/\" >And if you prefer the comfort of a rental, that&#8217;s also possible. Our campsite offers different types of <a href=\"https:\/\/www.camping-levaldherault.com\/en\/location-mobil-home\/\" data-type=\"link\" data-id=\"https:\/\/www.camping-levaldherault.com\/location-mobil-home\/\">mobile home rentals in the C\u00e9vennes region<\/a>, accommodating between 2 and 6 people, depending on your requirements. <\/p><\/div><\/div><div class=\"buttons\"><a href=\"https:\/\/www.camping-levaldherault.com\/en\/location-mobil-home\/\" rel=\"noreferrer noopener\" rel=\"noreferrer noopener\" rel=\"noreferrer noopener\" rel=\"noreferrer noopener\" class=\"buttons__btn is-style-1\"><span class=\"fc-icon\"><svg xmlns=\"http:\/\/www.w3.org\/2000\/svg\"  viewBox=\"0 0 448 512\" width=\"16px\" height=\"16px\"><!--! Font Awesome Pro 6.4.2 by @fontawesome - https:\/\/fontawesome.com License - https:\/\/fontawesome.com\/license (Commercial License) Copyright 2023 Fonticons, Inc.--><path d=\"M443.3 267.3c6.2-6.2 6.2-16.4 0-22.6l-176-176c-6.2-6.2-16.4-6.2-22.6 0s-6.2 16.4 0 22.6L393.4 240 16 240c-8.8 0-16 7.2-16 16s7.2 16 16 16l377.4 0L244.7 420.7c-6.2 6.2-6.2 16.4 0 22.6s16.4 6.2 22.6 0l176-176z\"\/><\/svg><\/span>  Rentals<\/a><a href=\"https:\/\/www.camping-levaldherault.com\/en\/emplacements-camping-herault\/\" rel=\"noreferrer noopener\" rel=\"noreferrer noopener\" rel=\"noreferrer noopener\" rel=\"noreferrer noopener\" class=\"buttons__btn is-style-1\"><span class=\"fc-icon\"><svg xmlns=\"http:\/\/www.w3.org\/2000\/svg\"  viewBox=\"0 0 448 512\" width=\"16px\" height=\"16px\"><!--! Font Awesome Pro 6.4.2 by @fontawesome - https:\/\/fontawesome.com License - https:\/\/fontawesome.com\/license (Commercial License) Copyright 2023 Fonticons, Inc.--><path d=\"M443.3 267.3c6.2-6.2 6.2-16.4 0-22.6l-176-176c-6.2-6.2-16.4-6.2-22.6 0s-6.2 16.4 0 22.6L393.4 240 16 240c-8.8 0-16 7.2-16 16s7.2 16 16 16l377.4 0L244.7 420.7c-6.2 6.2-6.2 16.4 0 22.6s16.4 6.2 22.6 0l176-176z\"\/><\/svg><\/span>  Locations<\/a><\/div><\/div><\/div><div class=\"columns sec-10  has-fond-background-color has-background align-full\" style=\"background-color:var(--fond);\"><div class=\"columns__item reverse-mob\"><div class=\"group fade-up\"><p class=\"h4\"   >Our C\u00e9vennes campsite with swimming pool and private beach<\/p><h2>Aquatic area<\/h2><p   id=\"https:\/\/www.camping-levaldherault.com\/piscine-herault\/\" >For your next vacation at the Brissac campsite in the 34, we&#8217;re offering you the use of the campsite&#8217;s<a href=\"https:\/\/www.camping-levaldherault.com\/en\/piscine-herault\/\" data-type=\"link\" data-id=\"https:\/\/www.camping-levaldherault.com\/piscine-herault\/\">aquatic area<\/a>. With a maximum depth of 1.80 m, it&#8217;s the perfect place to practice breaststroke.  <\/p><p    >A place of relaxation and well-being, where ball games, races and diving are forbidden for the sake of respect. For more festive swims, you can join the river&#8217;s private beach. <\/p><div class=\"lireplus fc-desk\"><p    >Read more<\/p><div class=\"group\"><p    >Between freshwater diving and aquatic activities, you&#8217;ll have free access to our two swimming areas. Relaxation, sunshine and the pleasure of family get-togethers &#8211; that&#8217;s what you&#8217;ll find when you choose our campsite in Brissac (34). <\/p><\/div><\/div><div class=\"buttons\"><a href=\"https:\/\/www.camping-levaldherault.com\/en\/piscine-herault\/\" rel=\"noreferrer noopener\" rel=\"noreferrer noopener\" rel=\"noreferrer noopener\" rel=\"noreferrer noopener\" class=\"buttons__btn is-style-1\"><span class=\"fc-icon\"><svg xmlns=\"http:\/\/www.w3.org\/2000\/svg\"  viewBox=\"0 0 448 512\" width=\"16px\" height=\"16px\"><!--! Font Awesome Pro 6.4.2 by @fontawesome - https:\/\/fontawesome.com License - https:\/\/fontawesome.com\/license (Commercial License) Copyright 2023 Fonticons, Inc.--><path d=\"M443.3 267.3c6.2-6.2 6.2-16.4 0-22.6l-176-176c-6.2-6.2-16.4-6.2-22.6 0s-6.2 16.4 0 22.6L393.4 240 16 240c-8.8 0-16 7.2-16 16s7.2 16 16 16l377.4 0L244.7 420.7c-6.2 6.2-6.2 16.4 0 22.6s16.4 6.2 22.6 0l176-176z\"\/><\/svg><\/span>  Discover the pool<\/a><\/div><\/div><div class=\"gallery fade-up f-carousel fc-diapo\" data-fancybox=\"gallery\"><figure class=\"gallery__item\"><picture><source srcset=\"https:\/\/www.camping-levaldherault.com\/wp-content\/uploads\/2024\/12\/DSC_0140-420x420.jpg.webp\" media=\"(max-width: 210px)\"><source srcset=\"https:\/\/www.camping-levaldherault.com\/wp-content\/uploads\/2024\/12\/DSC_0140-420x420.jpg.webp\" media=\"(max-width: 420px)\"><source srcset=\"https:\/\/www.camping-levaldherault.com\/wp-content\/uploads\/2024\/12\/DSC_0140-768x512.jpg.webp\" media=\"(max-width: 850px)\"><source srcset=\"https:\/\/www.camping-levaldherault.com\/wp-content\/uploads\/2024\/12\/DSC_0140-1024x683.jpg.webp\" media=\"(max-width: 1024px)\"><source srcset=\"https:\/\/www.camping-levaldherault.com\/wp-content\/uploads\/2024\/12\/DSC_0140-scaled.jpg.webp\" media=\"(min-width: 1025px)\"><img decoding=\"async\" src=\"https:\/\/www.camping-levaldherault.com\/wp-content\/uploads\/2024\/12\/DSC_0140-420x420.jpg.webp\" width=\"420\" height=\"210\" loading=\"lazy\" alt=\"\" title=\"\"><\/picture><\/figure><\/div><\/div><div class=\"columns__item\"><div class=\"gallery fade-down f-carousel fc-diapo\" data-fancybox=\"gallery\"><figure class=\"gallery__item\"><picture><source srcset=\"https:\/\/www.camping-levaldherault.com\/wp-content\/uploads\/2024\/12\/IMG_4278-420x420.jpg.webp\" media=\"(max-width: 210px)\"><source srcset=\"https:\/\/www.camping-levaldherault.com\/wp-content\/uploads\/2024\/12\/IMG_4278-420x420.jpg.webp\" media=\"(max-width: 420px)\"><source srcset=\"https:\/\/www.camping-levaldherault.com\/wp-content\/uploads\/2024\/12\/IMG_4278-768x471.jpg.webp\" media=\"(max-width: 850px)\"><source srcset=\"https:\/\/www.camping-levaldherault.com\/wp-content\/uploads\/2024\/12\/IMG_4278-1024x627.jpg.webp\" media=\"(max-width: 1024px)\"><source srcset=\"https:\/\/www.camping-levaldherault.com\/wp-content\/uploads\/2024\/12\/IMG_4278-scaled.jpg.webp\" media=\"(min-width: 1025px)\"><img decoding=\"async\" src=\"https:\/\/www.camping-levaldherault.com\/wp-content\/uploads\/2024\/12\/IMG_4278-420x420.jpg.webp\" width=\"420\" height=\"210\" loading=\"lazy\" alt=\"\" title=\"\"><\/picture><\/figure><\/div><div class=\"group fade-up\"><h2 class=\"h4\">A 4-star campsite in the C\u00e9vennes connected<\/h2><p class=\"h2\"   >AN INDISPENSABLE SERVICE<\/p><p    >We are setting up PAY-IN WIFI Internet coverage throughout the campsite. Internet access has become a guarantee of quality and a criterion of choice for French and foreign holidaymakers. This service is fully secure for your computers, smartphones or tablets.  <\/p><div class=\"lireplus fc-desk\"><p    >Read more<\/p><div class=\"group\">\n<li><strong>Bar and restaurant<\/strong> with ice cream and drinks<\/li>\n\n<li><strong>Fresh bread and viennoiseries<\/strong> from Boulangerie du Parc (order before 6pm the day before)<\/li>\n\n<li><strong>Playground<\/strong>, wooden structure, table soccer, arcade games, petanque, sports fields<\/li>\n\n<li>Weekly <strong>musical evenings<\/strong> <\/li>\n\n<li><strong>Daily facilities <\/strong>: laundry area, iron, sale of disposable sheets, sale of local newspapers<\/li>\n\n<li>Free exchange <strong>library <\/strong><\/li>\n\n<li><strong>Equipment rental <\/strong>: fridge, plancha, European adapter, ping-pong rackets, p\u00e9tanque balls<\/li>\n\n<li><strong>High-speed Internet connection<\/strong>: wifi for a fee, 30 minutes of free wifi for all bar drinks.<\/li>\n<\/div><\/div><div class=\"buttons\"><a href=\"https:\/\/www.camping-levaldherault.com\/en\/services\/\" rel=\"noreferrer noopener\" rel=\"noreferrer noopener\" rel=\"noreferrer noopener\" rel=\"noreferrer noopener\" class=\"buttons__btn is-style-1\"><span class=\"fc-icon\"><svg xmlns=\"http:\/\/www.w3.org\/2000\/svg\"  viewBox=\"0 0 448 512\" width=\"16px\" height=\"16px\"><!--! Font Awesome Pro 6.4.2 by @fontawesome - https:\/\/fontawesome.com License - https:\/\/fontawesome.com\/license (Commercial License) Copyright 2023 Fonticons, Inc.--><path d=\"M443.3 267.3c6.2-6.2 6.2-16.4 0-22.6l-176-176c-6.2-6.2-16.4-6.2-22.6 0s-6.2 16.4 0 22.6L393.4 240 16 240c-8.8 0-16 7.2-16 16s7.2 16 16 16l377.4 0L244.7 420.7c-6.2 6.2-6.2 16.4 0 22.6s16.4 6.2 22.6 0l176-176z\"\/><\/svg><\/span>  See our services<\/a><\/div><\/div><\/div><\/div><div class=\"columns sec-15 reverse-mob\" style=\"align-items:center;\"><div class=\"columns__item fade-up texte\" style=\"align-self:center;\"><h2 class=\"h4\">Canoeing, climbing, hiking: all the activities at the gateway to the C\u00e9vennes<\/h2><p class=\"h2\"   >A wide range of activities<\/p><p    >The location of the Val d&#8217;H\u00e9rault campsite in the Gorges de l&#8217;H\u00e9rault is ideal for sports and outdoor activities.  <\/p><p    >You can canoe along the H\u00e9rault river, climb the rock faces on the Thaurac plateau or hike the many trails of the C\u00e9vennes valleys.<\/p><div class=\"buttons\"><a href=\"https:\/\/www.camping-levaldherault.com\/en\/loisirs\/\" rel=\"noreferrer noopener\" rel=\"noreferrer noopener\" rel=\"noreferrer noopener\" rel=\"noreferrer noopener\" class=\"buttons__btn is-style-1\"><span class=\"fc-icon\"><svg xmlns=\"http:\/\/www.w3.org\/2000\/svg\"  viewBox=\"0 0 448 512\" width=\"16px\" height=\"16px\"><!--! Font Awesome Pro 6.4.2 by @fontawesome - https:\/\/fontawesome.com License - https:\/\/fontawesome.com\/license (Commercial License) Copyright 2023 Fonticons, Inc.--><path d=\"M443.3 267.3c6.2-6.2 6.2-16.4 0-22.6l-176-176c-6.2-6.2-16.4-6.2-22.6 0s-6.2 16.4 0 22.6L393.4 240 16 240c-8.8 0-16 7.2-16 16s7.2 16 16 16l377.4 0L244.7 420.7c-6.2 6.2-6.2 16.4 0 22.6s16.4 6.2 22.6 0l176-176z\"\/><\/svg><\/span>  Discover our activities<\/a><\/div><\/div><div class=\"columns__item parallax-down\" style=\"align-self:center;\"><div class=\"gallery f-carousel fc-diapo-mob\" data-fancybox=\"gallery-mob\"><figure class=\"gallery__item\"><picture><source srcset=\"https:\/\/www.camping-levaldherault.com\/wp-content\/uploads\/2024\/11\/AdobeStock_943506053-420x420.webp\" media=\"(max-width: 210px)\"><source srcset=\"https:\/\/www.camping-levaldherault.com\/wp-content\/uploads\/2024\/11\/AdobeStock_943506053-420x420.webp\" media=\"(max-width: 420px)\"><source srcset=\"https:\/\/www.camping-levaldherault.com\/wp-content\/uploads\/2024\/11\/AdobeStock_943506053-768x1152.webp\" media=\"(max-width: 850px)\"><source srcset=\"https:\/\/www.camping-levaldherault.com\/wp-content\/uploads\/2024\/11\/AdobeStock_943506053-683x1024.webp\" media=\"(max-width: 1024px)\"><source srcset=\"https:\/\/www.camping-levaldherault.com\/wp-content\/uploads\/2024\/11\/AdobeStock_943506053-scaled.webp\" media=\"(min-width: 1025px)\"><img decoding=\"async\" src=\"https:\/\/www.camping-levaldherault.com\/wp-content\/uploads\/2024\/11\/AdobeStock_943506053-420x420.webp\" width=\"420\" height=\"210\" loading=\"lazy\" alt=\"\" title=\"\"><\/picture><\/figure><figure class=\"gallery__item\"><picture><source srcset=\"https:\/\/www.camping-levaldherault.com\/wp-content\/uploads\/2024\/11\/AdobeStock_115062628-420x420.webp\" media=\"(max-width: 210px)\"><source srcset=\"https:\/\/www.camping-levaldherault.com\/wp-content\/uploads\/2024\/11\/AdobeStock_115062628-420x420.webp\" media=\"(max-width: 420px)\"><source srcset=\"https:\/\/www.camping-levaldherault.com\/wp-content\/uploads\/2024\/11\/AdobeStock_115062628-768x512.webp\" media=\"(max-width: 850px)\"><source srcset=\"https:\/\/www.camping-levaldherault.com\/wp-content\/uploads\/2024\/11\/AdobeStock_115062628-1024x683.webp\" media=\"(max-width: 1024px)\"><source srcset=\"https:\/\/www.camping-levaldherault.com\/wp-content\/uploads\/2024\/11\/AdobeStock_115062628.webp\" media=\"(min-width: 1025px)\"><img decoding=\"async\" src=\"https:\/\/www.camping-levaldherault.com\/wp-content\/uploads\/2024\/11\/AdobeStock_115062628-420x420.webp\" width=\"420\" height=\"210\" loading=\"lazy\" alt=\"\" title=\"\"><\/picture><\/figure><\/div><\/div><\/div><div class=\"cover fade-up align-full\"><span style=\"filter: opacity(50%); background-color:var(--noir);\"><\/span><picture class=\"cover__img\"><source srcset=\"https:\/\/www.camping-levaldherault.com\/wp-content\/uploads\/2024\/11\/AdobeStock_162345791-420x420.webp\" media=\"(max-width: 210px)\"><source srcset=\"https:\/\/www.camping-levaldherault.com\/wp-content\/uploads\/2024\/11\/AdobeStock_162345791-850x541.webp\" media=\"(max-width: 420px)\"><source srcset=\"https:\/\/www.camping-levaldherault.com\/wp-content\/uploads\/2024\/11\/AdobeStock_162345791-768x488.webp\" media=\"(max-width: 850px)\"><source srcset=\"https:\/\/www.camping-levaldherault.com\/wp-content\/uploads\/2024\/11\/AdobeStock_162345791-1024x651.webp\" media=\"(max-width: 1024px)\"><source srcset=\"https:\/\/www.camping-levaldherault.com\/wp-content\/uploads\/2024\/11\/AdobeStock_162345791.webp\" media=\"(min-width: 1536px)\"><img decoding=\"async\" src=\"https:\/\/www.camping-levaldherault.com\/wp-content\/uploads\/2024\/11\/AdobeStock_162345791-420x420.webp\" width=\"420\" height=\"210\" loading=\"lazy\" alt=\"\" title=\"\"><\/picture><div class=\"cover__inner\"><h2 class=\"h4\" style=\"text-align: center;\">Calm, natural vacations at the Brissac campsite (34)<\/h2><p class=\"h2\" style=\"text-align: center;\"  >Nearby tourism<\/p><p  style=\"text-align: center;\"  >Whether you want to relax, canoe or visit our beautiful region in the south of France, take the time to enjoy your vacation at camping C\u00e9vennes Le Val d&#8217;H\u00e9rault!<\/p><div class=\"buttons display-flex \" style=\"justify-content:center;\"><a href=\"https:\/\/www.camping-levaldherault.com\/en\/alentours\/\" rel=\"noreferrer noopener\" rel=\"noreferrer noopener\" rel=\"noreferrer noopener\" rel=\"noreferrer noopener\" class=\"buttons__btn is-style-1\"><span class=\"fc-icon\"><svg xmlns=\"http:\/\/www.w3.org\/2000\/svg\"  viewBox=\"0 0 448 512\" width=\"16px\" height=\"16px\"><!--! Font Awesome Pro 6.4.2 by @fontawesome - https:\/\/fontawesome.com License - https:\/\/fontawesome.com\/license (Commercial License) Copyright 2023 Fonticons, Inc.--><path d=\"M443.3 267.3c6.2-6.2 6.2-16.4 0-22.6l-176-176c-6.2-6.2-16.4-6.2-22.6 0s-6.2 16.4 0 22.6L393.4 240 16 240c-8.8 0-16 7.2-16 16s7.2 16 16 16l377.4 0L244.7 420.7c-6.2 6.2-6.2 16.4 0 22.6s16.4 6.2 22.6 0l176-176z\"\/><\/svg><\/span>  Discover the surrounding area<\/a><\/div><\/div><\/div>","protected":false},"excerpt":{"rendered":"<p>Welcome to Camping Le Val d&#8217;H\u00e9rault at the gateway to the C\u00e9vennes! Your campsite in the C\u00e9vennes on the banks of the H\u00e9rault river The Baudoin family, the new Val d&#8217;H\u00e9rault team, is delighted to welcome you to an authentic, unspoilt natural setting. This riverside family campsite boasts a pleasant swimming pool in the Gorges [&hellip;]<\/p>\n","protected":false},"author":1,"featured_media":0,"parent":0,"menu_order":0,"comment_status":"closed","ping_status":"closed","template":"","meta":{"_acf_changed":false,"footnotes":""},"acf":[],"_links":{"self":[{"href":"https:\/\/www.camping-levaldherault.com\/en\/wp-json\/wp\/v2\/pages\/1110"}],"collection":[{"href":"https:\/\/www.camping-levaldherault.com\/en\/wp-json\/wp\/v2\/pages"}],"about":[{"href":"https:\/\/www.camping-levaldherault.com\/en\/wp-json\/wp\/v2\/types\/page"}],"author":[{"embeddable":true,"href":"https:\/\/www.camping-levaldherault.com\/en\/wp-json\/wp\/v2\/users\/1"}],"replies":[{"embeddable":true,"href":"https:\/\/www.camping-levaldherault.com\/en\/wp-json\/wp\/v2\/comments?post=1110"}],"version-history":[{"count":6,"href":"https:\/\/www.camping-levaldherault.com\/en\/wp-json\/wp\/v2\/pages\/1110\/revisions"}],"predecessor-version":[{"id":1408,"href":"https:\/\/www.camping-levaldherault.com\/en\/wp-json\/wp\/v2\/pages\/1110\/revisions\/1408"}],"wp:attachment":[{"href":"https:\/\/www.camping-levaldherault.com\/en\/wp-json\/wp\/v2\/media?parent=1110"}],"curies":[{"name":"wp","href":"https:\/\/api.w.org\/{rel}","templated":true}]}}